{"id":751,"date":"2022-07-14T20:37:22","date_gmt":"2022-07-14T18:37:22","guid":{"rendered":"https:\/\/funtoshi.com\/?page_id=751"},"modified":"2023-04-30T08:49:31","modified_gmt":"2023-04-30T06:49:31","slug":"sats-for-free","status":"publish","type":"page","link":"https:\/\/funtoshi.com\/en\/sats-for-free\/","title":{"rendered":""},"content":{"rendered":"<div class=\"wp-block-image\">\n<figure class=\"aligncenter size-full is-resized\"><img loading=\"lazy\" decoding=\"async\" src=\"https:\/\/funtoshi.com\/wp-content\/uploads\/baby-scream-yeah.gif\" alt=\"\" class=\"wp-image-823\" width=\"743\" height=\"690\"\/><\/figure><\/div>\n\n\n<h1 class=\"wp-block-heading has-text-align-center\">CONGRATULATIONS<\/h1>\n\n\n\n<h1 class=\"wp-block-heading has-text-align-center\">You get SATS for free!!!!!<\/h1>\n\n\n\n<div style=\"height:23px\" aria-hidden=\"true\" class=\"wp-block-spacer\"><\/div>\n\n\n\n<h2 class=\"wp-block-heading has-text-align-center\">Open a Bitcoin lightning wallet for this. E.g. Wallet of Satoshi:<\/h2>\n\n\n\n<div style=\"height:22px\" aria-hidden=\"true\" class=\"wp-block-spacer\"><\/div>\n\n\n\n<div class=\"wp-block-columns is-layout-flex wp-container-core-columns-layout-1 wp-block-columns-is-layout-flex\">\n<div class=\"wp-block-column is-layout-flow wp-block-column-is-layout-flow\"><div class=\"wp-block-image\">\n<figure class=\"aligncenter size-full\"><a href=\"https:\/\/itunes.apple.com\/us\/app\/wallet-of-satoshi\/id1438599608\" target=\"_blank\" rel=\"noopener\"><img loading=\"lazy\" decoding=\"async\" width=\"350\" height=\"120\" src=\"https:\/\/funtoshi.com\/wp-content\/uploads\/apple_download.png\" alt=\"\" class=\"wp-image-834\" srcset=\"https:\/\/funtoshi.com\/wp-content\/uploads\/apple_download.png 350w, https:\/\/funtoshi.com\/wp-content\/uploads\/apple_download-300x103.png 300w\" sizes=\"(max-width: 350px) 100vw, 350px\" \/><\/a><\/figure><\/div><\/div>\n\n\n\n<div class=\"wp-block-column is-layout-flow wp-block-column-is-layout-flow\"><div class=\"wp-block-image\">\n<figure class=\"aligncenter size-full is-resized\"><a href=\"https:\/\/play.google.com\/store\/apps\/details?id=com.livingroomofsatoshi.wallet\" target=\"_blank\" rel=\"noopener\"><img loading=\"lazy\" decoding=\"async\" src=\"https:\/\/funtoshi.com\/wp-content\/uploads\/google-play-badge_klein.png\" alt=\"\" class=\"wp-image-842\" width=\"424\" height=\"125\" srcset=\"https:\/\/funtoshi.com\/wp-content\/uploads\/google-play-badge_klein.png 562w, https:\/\/funtoshi.com\/wp-content\/uploads\/google-play-badge_klein-300x89.png 300w, https:\/\/funtoshi.com\/wp-content\/uploads\/google-play-badge_klein-500x148.png 500w\" sizes=\"(max-width: 424px) 100vw, 424px\" \/><\/a><\/figure><\/div><\/div>\n<\/div>\n\n\n\n<h2 class=\"wp-block-heading has-text-align-center\">Then click Receive and scan the QR code again.<\/h2>\n\n\n\n<div style=\"height:200px\" aria-hidden=\"true\" class=\"wp-block-spacer\"><\/div>\n\n\n\n<h2 class=\"wp-block-heading\">You are interested in Bitcoin and want to learn about it in a playful way?<\/h2>\n\n\n\n<p>Then this could be something for you:<\/p>\n\n\n\n<div class=\"wp-block-columns is-layout-flex wp-container-core-columns-layout-3 wp-block-columns-is-layout-flex\">\n<div class=\"wp-block-column is-layout-flow wp-block-column-is-layout-flow\">\n<div class=\"wp-block-cover aligncenter is-light\" style=\"min-height:774px\"><span aria-hidden=\"true\" class=\"wp-block-cover__background has-background-dim-0 has-background-dim\"><\/span><img loading=\"lazy\" decoding=\"async\" width=\"1800\" height=\"1440\" class=\"wp-block-cover__image-background wp-image-1669\" alt=\"\" src=\"https:\/\/funtoshi.com\/wp-content\/uploads\/Spiel-Verpackt.png\" data-object-fit=\"cover\" srcset=\"https:\/\/funtoshi.com\/wp-content\/uploads\/Spiel-Verpackt.png 1800w, https:\/\/funtoshi.com\/wp-content\/uploads\/Spiel-Verpackt-300x240.png 300w, https:\/\/funtoshi.com\/wp-content\/uploads\/Spiel-Verpackt-600x480.png 600w, https:\/\/funtoshi.com\/wp-content\/uploads\/Spiel-Verpackt-500x400.png 500w, https:\/\/funtoshi.com\/wp-content\/uploads\/Spiel-Verpackt-1200x960.png 1200w, https:\/\/funtoshi.com\/wp-content\/uploads\/Spiel-Verpackt-768x614.png 768w, https:\/\/funtoshi.com\/wp-content\/uploads\/Spiel-Verpackt-1536x1229.png 1536w\" sizes=\"(max-width: 1800px) 100vw, 1800px\" \/><div class=\"wp-block-cover__inner-container is-layout-flow wp-block-cover-is-layout-flow\">\n<div style=\"height:94px\" aria-hidden=\"true\" class=\"wp-block-spacer\"><\/div>\n\n\n\n<div class=\"wp-block-columns alignwide is-layout-flex wp-container-core-columns-layout-2 wp-block-columns-is-layout-flex\">\n<div class=\"wp-block-column is-layout-flow wp-block-column-is-layout-flow\">\n<div class=\"wp-block-buttons is-content-justification-center is-layout-flex wp-container-core-buttons-layout-1 wp-block-buttons-is-layout-flex\">\n<div class=\"wp-block-button\"><a class=\"wp-block-button__link wp-element-button\" href=\"https:\/\/funtoshi.com\/en\/product\/hodl-bitcoin-erklaert-in-einem-kartenspiel\/\">Show product<\/a><\/div>\n<\/div>\n<\/div>\n<\/div>\n<\/div><\/div>\n<\/div>\n<\/div>","protected":false},"excerpt":{"rendered":"<p>GL\u00dcCKWUNSCH Du bekommst SATS for free!!!!! \u00d6ffne daf\u00fcr eine Bitcoin-Lightning-Wallet. Z.B. Wallet of Satoshi: Klicke dann auf Empfangen und scanne den QR-Code nochmal. Du bist interessiert an Bitcoin und m\u00f6chtest es spielerisch kennenlernen? Dann k\u00f6nnte das etwas f\u00fcr Dich sein:<\/p>","protected":false},"author":2,"featured_media":0,"parent":0,"menu_order":0,"comment_status":"closed","ping_status":"closed","template":"","meta":{"footnotes":""},"featured_image_urls":{"full":"","thumbnail":"","medium":"","medium_large":"","large":"","1536x1536":"","2048x2048":"","trp-custom-language-flag":"","woocommerce_thumbnail":"","woocommerce_single":"","woocommerce_gallery_thumbnail":""},"post_excerpt_stackable":"<p>GL\u00dcCKWUNSCH Du bekommst SATS for free!!!!! \u00d6ffne daf\u00fcr eine Bitcoin-Lightning-Wallet. Z.B. Wallet of Satoshi: Klicke dann auf Empfangen und scanne den QR-Code nochmal. Du bist interessiert an Bitcoin und m\u00f6chtest es spielerisch kennenlernen? Dann k\u00f6nnte das etwas f\u00fcr Dich sein: mehr erfahren<\/p>\n","category_list":"","author_info":{"name":"schubi","url":"https:\/\/funtoshi.com\/en\/author\/schubi\/"},"comments_num":"0 comments","featured_image_urls_v2":{"full":"","thumbnail":"","medium":"","medium_large":"","large":"","1536x1536":"","2048x2048":"","trp-custom-language-flag":"","woocommerce_thumbnail":"","woocommerce_single":"","woocommerce_gallery_thumbnail":""},"post_excerpt_stackable_v2":"<p>GL\u00dcCKWUNSCH Du bekommst SATS for free!!!!! \u00d6ffne daf\u00fcr eine Bitcoin-Lightning-Wallet. Z.B. Wallet of Satoshi: Klicke dann auf Empfangen und scanne den QR-Code nochmal. Du bist interessiert an Bitcoin und m\u00f6chtest es spielerisch kennenlernen? Dann k\u00f6nnte das etwas f\u00fcr Dich sein: mehr erfahren<\/p>\n","category_list_v2":"","author_info_v2":{"name":"schubi","url":"https:\/\/funtoshi.com\/en\/author\/schubi\/"},"comments_num_v2":"0 comments","_links":{"self":[{"href":"https:\/\/funtoshi.com\/en\/wp-json\/wp\/v2\/pages\/751"}],"collection":[{"href":"https:\/\/funtoshi.com\/en\/wp-json\/wp\/v2\/pages"}],"about":[{"href":"https:\/\/funtoshi.com\/en\/wp-json\/wp\/v2\/types\/page"}],"author":[{"embeddable":true,"href":"https:\/\/funtoshi.com\/en\/wp-json\/wp\/v2\/users\/2"}],"replies":[{"embeddable":true,"href":"https:\/\/funtoshi.com\/en\/wp-json\/wp\/v2\/comments?post=751"}],"version-history":[{"count":24,"href":"https:\/\/funtoshi.com\/en\/wp-json\/wp\/v2\/pages\/751\/revisions"}],"predecessor-version":[{"id":1749,"href":"https:\/\/funtoshi.com\/en\/wp-json\/wp\/v2\/pages\/751\/revisions\/1749"}],"wp:attachment":[{"href":"https:\/\/funtoshi.com\/en\/wp-json\/wp\/v2\/media?parent=751"}],"curies":[{"name":"wp","href":"https:\/\/api.w.org\/{rel}","templated":true}]}}