{"id":1176,"date":"2022-09-15T11:04:58","date_gmt":"2022-09-15T09:04:58","guid":{"rendered":"https:\/\/funtoshi.com\/?page_id=1176"},"modified":"2023-04-29T22:51:21","modified_gmt":"2023-04-29T20:51:21","slug":"hodl-erklarung-ubersicht","status":"publish","type":"page","link":"https:\/\/funtoshi.com\/en\/hodl-erklarung-ubersicht\/","title":{"rendered":"hodl Erkl\u00e4rung &#8211; \u00dcbersicht"},"content":{"rendered":"<p>This is a series of posts explaining Bitcoin using the card game\u00a0<a href=\"https:\/\/funtoshi.com\/en\/product\/hodl-bitcoin-erklaert-in-einem-kartenspiel\/\" data-type=\"URL\" data-id=\"https:\/\/funtoshi.com\/produkt\/hodl-bitcoin-erklaert-in-einem-kartenspiel\">hodl - Bitcoin packed in a card game.<\/a>.<\/p>\n\n\n\n<p>This card game is designed to explain Bitcoin in a simple and playful way. It includes a few of the most important components of Bitcoin and is playable for absolute Bitcoin laymen as well as for experts alike. In this blog post series, Bitcoin will be further explained using the playing cards. It is meant to give you a first insight into the Bitcoin universe.<\/p>\n\n\n\n<div class=\"wp-block-columns alignwide is-layout-flex wp-container-core-columns-layout-1 wp-block-columns-is-layout-flex\">\n<div class=\"wp-block-column is-layout-flow wp-block-column-is-layout-flow\"><div class=\"wp-block-image\">\n<figure class=\"aligncenter size-large is-resized\"><a href=\"https:\/\/funtoshi.com\/en\/hodl-erklaerung-1\/\" rel=\"hodl-erklaerung-1\"><img loading=\"lazy\" decoding=\"async\" src=\"https:\/\/funtoshi.com\/wp-content\/uploads\/Bitcoin-Karte-652x1000.png\" alt=\"\" class=\"wp-image-629\" width=\"326\" height=\"500\" srcset=\"https:\/\/funtoshi.com\/wp-content\/uploads\/Bitcoin-Karte-652x1000.png 652w, https:\/\/funtoshi.com\/wp-content\/uploads\/Bitcoin-Karte-300x460.png 300w, https:\/\/funtoshi.com\/wp-content\/uploads\/Bitcoin-Karte-600x921.png 600w, https:\/\/funtoshi.com\/wp-content\/uploads\/Bitcoin-Karte-500x767.png 500w, https:\/\/funtoshi.com\/wp-content\/uploads\/Bitcoin-Karte.png 707w\" sizes=\"(max-width: 326px) 100vw, 326px\" \/><\/a><\/figure><\/div><\/div>\n\n\n\n<div class=\"wp-block-column is-layout-flow wp-block-column-is-layout-flow\"><div class=\"wp-block-image\">\n<figure class=\"aligncenter size-large is-resized\"><a href=\"https:\/\/funtoshi.com\/en\/hodl-erklaerung-2-hardware-wallet\/\"><img loading=\"lazy\" decoding=\"async\" src=\"https:\/\/funtoshi.com\/wp-content\/uploads\/Hardwarewallet-Karte-652x1000.png\" alt=\"\" class=\"wp-image-633\" width=\"326\" height=\"500\" srcset=\"https:\/\/funtoshi.com\/wp-content\/uploads\/Hardwarewallet-Karte-652x1000.png 652w, https:\/\/funtoshi.com\/wp-content\/uploads\/Hardwarewallet-Karte-300x460.png 300w, https:\/\/funtoshi.com\/wp-content\/uploads\/Hardwarewallet-Karte-600x921.png 600w, https:\/\/funtoshi.com\/wp-content\/uploads\/Hardwarewallet-Karte-500x767.png 500w, https:\/\/funtoshi.com\/wp-content\/uploads\/Hardwarewallet-Karte.png 707w\" sizes=\"(max-width: 326px) 100vw, 326px\" \/><\/a><\/figure><\/div><\/div>\n\n\n\n<div class=\"wp-block-column is-layout-flow wp-block-column-is-layout-flow\"><div class=\"wp-block-image\">\n<figure class=\"aligncenter size-large is-resized\"><a href=\"https:\/\/funtoshi.com\/en\/hodl-erklaerung-3-bitcoin-fullnode\/\"><img loading=\"lazy\" decoding=\"async\" src=\"https:\/\/funtoshi.com\/wp-content\/uploads\/Fullnode-Karte-652x1000.png\" alt=\"\" class=\"wp-image-632\" width=\"326\" height=\"500\" srcset=\"https:\/\/funtoshi.com\/wp-content\/uploads\/Fullnode-Karte-652x1000.png 652w, https:\/\/funtoshi.com\/wp-content\/uploads\/Fullnode-Karte-300x460.png 300w, https:\/\/funtoshi.com\/wp-content\/uploads\/Fullnode-Karte-600x921.png 600w, https:\/\/funtoshi.com\/wp-content\/uploads\/Fullnode-Karte-500x767.png 500w, https:\/\/funtoshi.com\/wp-content\/uploads\/Fullnode-Karte.png 707w\" sizes=\"(max-width: 326px) 100vw, 326px\" \/><\/a><\/figure><\/div><\/div>\n<\/div>\n\n\n\n<div class=\"wp-block-columns alignwide is-layout-flex wp-container-core-columns-layout-2 wp-block-columns-is-layout-flex\">\n<div class=\"wp-block-column is-layout-flow wp-block-column-is-layout-flow\"><div class=\"wp-block-image\">\n<figure class=\"aligncenter size-large is-resized\"><a href=\"https:\/\/funtoshi.com\/en\/hodl-erklaerung-4-lightning-netzwerk\/\"><img loading=\"lazy\" decoding=\"async\" src=\"https:\/\/funtoshi.com\/wp-content\/uploads\/Lightning-karte-652x1000.png\" alt=\"\" class=\"wp-image-634\" width=\"326\" height=\"500\" srcset=\"https:\/\/funtoshi.com\/wp-content\/uploads\/Lightning-karte-652x1000.png 652w, https:\/\/funtoshi.com\/wp-content\/uploads\/Lightning-karte-300x460.png 300w, https:\/\/funtoshi.com\/wp-content\/uploads\/Lightning-karte-600x921.png 600w, https:\/\/funtoshi.com\/wp-content\/uploads\/Lightning-karte-500x767.png 500w, https:\/\/funtoshi.com\/wp-content\/uploads\/Lightning-karte.png 707w\" sizes=\"(max-width: 326px) 100vw, 326px\" \/><\/a><\/figure><\/div><\/div>\n\n\n\n<div class=\"wp-block-column is-layout-flow wp-block-column-is-layout-flow\">\n<a>\n<a href=\"https:\/\/funtoshi.com\/en\/hodl-erklaerung-5-energie\/\">\n<img loading=\"lazy\" decoding=\"async\" class=\"nohover\" alt=\"ErneuerbareEnergie-Karte\" src=\"https:\/\/funtoshi.com\/wp-content\/uploads\/ErneuerbareEnergie-Karte.png\" width=\"326\" height=\"500\">\n<img loading=\"lazy\" decoding=\"async\" class=\"hover\" alt=\"FossileEnergie-Karte\" src=\"https:\/\/funtoshi.com\/wp-content\/uploads\/FossileEnergie-Karte.png\" width=\"326\" height=\"500\">\n<\/a>\n<\/div>\n\n\n\n<div class=\"wp-block-column is-vertically-aligned-top is-layout-flow wp-block-column-is-layout-flow\">\n<a>\n<a href=\"https:\/\/funtoshi.com\/en\/hodl-erklaerung-6-mining\/\">\n<img loading=\"lazy\" decoding=\"async\" class=\"nohover\" alt=\"1\" src=\"https:\/\/funtoshi.com\/wp-content\/uploads\/Miner-2-Karte.png\" width=\"326\" height=\"500\">\n<img loading=\"lazy\" decoding=\"async\" class=\"hover\" alt=\"2\" src=\"https:\/\/funtoshi.com\/wp-content\/uploads\/Miner-4-Karte.png\" width=\"326\" height=\"500\">\n<\/a>\n<\/div>\n<\/div>\n\n\n\n<div class=\"wp-block-columns alignwide is-layout-flex wp-container-core-columns-layout-3 wp-block-columns-is-layout-flex\">\n<div class=\"wp-block-column is-layout-flow wp-block-column-is-layout-flow\"><div class=\"wp-block-image\">\n<figure class=\"aligncenter size-large is-resized\"><a href=\"https:\/\/funtoshi.com\/en\/hodl-erklaerung-7-mining-pool\/\"><img loading=\"lazy\" decoding=\"async\" src=\"https:\/\/funtoshi.com\/wp-content\/uploads\/Pool-Karte-652x1000.png\" alt=\"\" class=\"wp-image-639\" width=\"326\" height=\"500\" srcset=\"https:\/\/funtoshi.com\/wp-content\/uploads\/Pool-Karte-652x1000.png 652w, https:\/\/funtoshi.com\/wp-content\/uploads\/Pool-Karte-300x460.png 300w, https:\/\/funtoshi.com\/wp-content\/uploads\/Pool-Karte-600x921.png 600w, https:\/\/funtoshi.com\/wp-content\/uploads\/Pool-Karte-500x767.png 500w, https:\/\/funtoshi.com\/wp-content\/uploads\/Pool-Karte.png 707w\" sizes=\"(max-width: 326px) 100vw, 326px\" \/><\/a><\/figure><\/div><\/div>\n\n\n\n<div class=\"wp-block-column is-vertically-aligned-center is-layout-flow wp-block-column-is-layout-flow\"><div class=\"wp-block-image\">\n<figure class=\"aligncenter size-large is-resized\"><a href=\"https:\/\/funtoshi.com\/en\/hodl-erklaerung-8-betrueger\/\"><img loading=\"lazy\" decoding=\"async\" src=\"https:\/\/funtoshi.com\/wp-content\/uploads\/Wuerfel_erklaerung-652x1000.png\" alt=\"\" class=\"wp-image-725\" width=\"326\" height=\"500\" srcset=\"https:\/\/funtoshi.com\/wp-content\/uploads\/Wuerfel_erklaerung-652x1000.png 652w, https:\/\/funtoshi.com\/wp-content\/uploads\/Wuerfel_erklaerung-300x460.png 300w, https:\/\/funtoshi.com\/wp-content\/uploads\/Wuerfel_erklaerung-600x921.png 600w, https:\/\/funtoshi.com\/wp-content\/uploads\/Wuerfel_erklaerung-500x767.png 500w, https:\/\/funtoshi.com\/wp-content\/uploads\/Wuerfel_erklaerung.png 707w\" sizes=\"(max-width: 326px) 100vw, 326px\" \/><\/a><\/figure><\/div><\/div>\n\n\n\n<div class=\"wp-block-column is-vertically-aligned-center is-layout-flow wp-block-column-is-layout-flow\">\n<a>\n<a href=\"https:\/\/funtoshi.com\/en\/hodl-erklaerung-9-was-zum-geier-heisst-hodl\/\">\n<img loading=\"lazy\" decoding=\"async\" class=\"nohover\" alt=\"hodl_Rueckseite\" src=\"https:\/\/funtoshi.com\/wp-content\/uploads\/Rueckseite-Karte.png\" width=\"326\" height=\"500\">\n<img loading=\"lazy\" decoding=\"async\" class=\"hover\" alt=\"I_am_hodling\" src=\"https:\/\/funtoshi.com\/wp-content\/uploads\/Hodl_erklaerung.png\" width=\"326\" height=\"500\">\n<\/a>\n<\/div>\n<\/div>\n\n\n\n<div class=\"wp-block-columns alignwide is-layout-flex wp-container-core-columns-layout-4 wp-block-columns-is-layout-flex\">\n<div class=\"wp-block-column is-layout-flow wp-block-column-is-layout-flow\"><\/div>\n\n\n\n<div class=\"wp-block-column is-vertically-aligned-center is-layout-flow wp-block-column-is-layout-flow\">\n<a>\n<a href=\"https:\/\/funtoshi.com\/en\/hodl-erklaerung-10-ueber-den-autor\/\">\n<img loading=\"lazy\" decoding=\"async\" class=\"nohover\" alt=\"hodl_Rueckseite\" src=\"https:\/\/funtoshi.com\/wp-content\/uploads\/Bitcoiner_Profilbild.png\" width=\"326\" height=\"500\">\n<img loading=\"lazy\" decoding=\"async\" class=\"hover\" alt=\"I_am_hodling\" src=\"https:\/\/funtoshi.com\/wp-content\/uploads\/Bitcoiner_Profilbild_Laseraugen_laser_eyes.jpeg\" width=\"326\" height=\"500\">\n<\/a>\n<\/div>\n\n\n\n<div class=\"wp-block-column is-layout-flow wp-block-column-is-layout-flow\"><\/div>\n<\/div>\n\n\n\n<div style=\"height:19px\" aria-hidden=\"true\" class=\"wp-block-spacer\"><\/div>\n\n\n\n<div class=\"wp-block-buttons is-content-justification-center is-layout-flex wp-container-core-buttons-layout-1 wp-block-buttons-is-layout-flex\">\n<div class=\"wp-block-button\"><a class=\"wp-block-button__link wp-element-button\" href=\"https:\/\/funtoshi.com\/en\/product\/hodl-bitcoin-erklaert-in-einem-kartenspiel\/\">Show Product<\/a><\/div>\n<\/div>","protected":false},"excerpt":{"rendered":"<p>Dies ist eine Reihe von Beitr\u00e4gen, in der Bitcoin erkl\u00e4rt wird anhand des Kartenspiels\u00a0hodl \u2013 Bitcoin, verpackt in einem Kartenspiel. Dieses Kartenspiel soll Bitcoin m\u00f6glichst einfach und spielerisch erkl\u00e4ren. Es beinhaltet ein paar der wichtigsten Bestandteile von Bitcoin und ist f\u00fcr absolute Bitcoin-Laien wie auch f\u00fcr Kenner gleichermassen spielbar. In dieser Blog-Post-Reihe wird Bitcoin anhand &#8230; <a title=\"hodl Erkl\u00e4rung &#8211; \u00dcbersicht\" class=\"read-more\" href=\"https:\/\/funtoshi.com\/en\/hodl-erklarung-ubersicht\/\" aria-label=\"Read more about hodl Erkl\u00e4rung &#8211; \u00dcbersicht\">Weiterlesen<\/a><\/p>","protected":false},"author":2,"featured_media":0,"parent":0,"menu_order":0,"comment_status":"closed","ping_status":"closed","template":"","meta":{"footnotes":""},"featured_image_urls":{"full":"","thumbnail":"","medium":"","medium_large":"","large":"","1536x1536":"","2048x2048":"","trp-custom-language-flag":"","woocommerce_thumbnail":"","woocommerce_single":"","woocommerce_gallery_thumbnail":""},"post_excerpt_stackable":"<p>Dies ist eine Reihe von Beitr\u00e4gen, in der Bitcoin erkl\u00e4rt wird anhand des Kartenspiels\u00a0hodl \u2013 Bitcoin, verpackt in einem Kartenspiel. Dieses Kartenspiel soll Bitcoin m\u00f6glichst einfach und spielerisch erkl\u00e4ren. Es beinhaltet ein paar der wichtigsten Bestandteile von Bitcoin und ist f\u00fcr absolute Bitcoin-Laien wie auch f\u00fcr Kenner gleichermassen spielbar. In dieser Blog-Post-Reihe wird Bitcoin anhand der Spielkarten weiter erkl\u00e4rt. Es soll Dir einen ersten Einblick in das Bitcoin-Universum geben. Zum Spiel<\/p>\n","category_list":"","author_info":{"name":"schubi","url":"https:\/\/funtoshi.com\/en\/author\/schubi\/"},"comments_num":"0 comments","featured_image_urls_v2":{"full":"","thumbnail":"","medium":"","medium_large":"","large":"","1536x1536":"","2048x2048":"","trp-custom-language-flag":"","woocommerce_thumbnail":"","woocommerce_single":"","woocommerce_gallery_thumbnail":""},"post_excerpt_stackable_v2":"<p>Dies ist eine Reihe von Beitr\u00e4gen, in der Bitcoin erkl\u00e4rt wird anhand des Kartenspiels\u00a0hodl \u2013 Bitcoin, verpackt in einem Kartenspiel. Dieses Kartenspiel soll Bitcoin m\u00f6glichst einfach und spielerisch erkl\u00e4ren. Es beinhaltet ein paar der wichtigsten Bestandteile von Bitcoin und ist f\u00fcr absolute Bitcoin-Laien wie auch f\u00fcr Kenner gleichermassen spielbar. In dieser Blog-Post-Reihe wird Bitcoin anhand der Spielkarten weiter erkl\u00e4rt. Es soll Dir einen ersten Einblick in das Bitcoin-Universum geben. Zum Spiel<\/p>\n","category_list_v2":"","author_info_v2":{"name":"schubi","url":"https:\/\/funtoshi.com\/en\/author\/schubi\/"},"comments_num_v2":"0 comments","_links":{"self":[{"href":"https:\/\/funtoshi.com\/en\/wp-json\/wp\/v2\/pages\/1176"}],"collection":[{"href":"https:\/\/funtoshi.com\/en\/wp-json\/wp\/v2\/pages"}],"about":[{"href":"https:\/\/funtoshi.com\/en\/wp-json\/wp\/v2\/types\/page"}],"author":[{"embeddable":true,"href":"https:\/\/funtoshi.com\/en\/wp-json\/wp\/v2\/users\/2"}],"replies":[{"embeddable":true,"href":"https:\/\/funtoshi.com\/en\/wp-json\/wp\/v2\/comments?post=1176"}],"version-history":[{"count":7,"href":"https:\/\/funtoshi.com\/en\/wp-json\/wp\/v2\/pages\/1176\/revisions"}],"predecessor-version":[{"id":1742,"href":"https:\/\/funtoshi.com\/en\/wp-json\/wp\/v2\/pages\/1176\/revisions\/1742"}],"wp:attachment":[{"href":"https:\/\/funtoshi.com\/en\/wp-json\/wp\/v2\/media?parent=1176"}],"curies":[{"name":"wp","href":"https:\/\/api.w.org\/{rel}","templated":true}]}}