{"id":1118,"date":"2022-08-23T20:13:44","date_gmt":"2022-08-23T18:13:44","guid":{"rendered":"https:\/\/funtoshi.com\/?page_id=1118"},"modified":"2022-08-23T20:19:59","modified_gmt":"2022-08-23T18:19:59","slug":"downloads","status":"publish","type":"page","link":"https:\/\/funtoshi.com\/en\/downloads\/","title":{"rendered":"Downloads"},"content":{"rendered":"<div class=\"wp-block-columns is-layout-flex wp-container-core-columns-layout-1 wp-block-columns-is-layout-flex\">\n<div class=\"wp-block-column is-layout-flow wp-block-column-is-layout-flow\">\n<a>\n<img loading=\"lazy\" decoding=\"async\" class=\"nohover\" alt=\"1\" src=\"https:\/\/funtoshi.com\/wp-content\/uploads\/Sats-schubsende-Bauer_Bitcoin.jpeg\" width=\"326\" height=\"500\">\n<img loading=\"lazy\" decoding=\"async\" class=\"hover\" alt=\"2\" src=\"https:\/\/funtoshi.com\/wp-content\/uploads\/Sats-schubsende-Bauer_Bitcoin_Bitcoin_LNURL.jpeg\" width=\"326\" height=\"500\">\n<\/a>\n<div class=\"wp-block-button aligncenter\"><a class=\"wp-block-button__link\" href=\"https:\/\/funtoshi.com\/wp-content\/uploads\/Keytag_B_Umriss_V05_58mmHoch.stl\">Download<\/a><\/div>\n<\/div>\n\n\n\n<div class=\"wp-block-column is-layout-flow wp-block-column-is-layout-flow\">\n<p>Schl\u00fcsselanh\u00e4nger als <strong>STL-Datei<\/strong> f\u00fcr den <strong>3D-Druck<\/strong>.<\/p>\n\n\n\n<p><a href=\"https:\/\/funtoshi.com\/en\/der-sats-schubsende-bauer\/\"><strong>Hier<\/strong><\/a> <strong>gehts zur Anleitung, wie Du aus dem Schl\u00fcsselanh\u00e4nger ein Sats-schubsender Bauer machen kannst.<\/strong><\/p>\n\n\n\n<p>Der Sats-schubsende Bauer ist ein Schl\u00fcsselanh\u00e4nger mit einem LNURLwithdraw-QR-Code drauf. Wenn jemand den QR-Code mit einer LNURL-f\u00e4higen Lightning-Wallet scannt kriegt er 21 Satoshis geschenkt. Man kann den QR-Code auch mit einem normalen QR-Code-Scanner scannen, dann gelangt man auf eine Internetseite wo die freudige Nachricht steht, dass man SATS FOR FREE bekommt. Ebenfalls hat es auf der Internetseite einen direkten Link zu einer Lightning-Wallet im App-Store bzw. im Play-Store. Es ist dann ein Kinderspiel die Lightning-Wallet zu installieren und den QR-Code noch einmal mit der Lightning-Wallet zu scannen.<\/p>\n<\/div>\n<\/div>","protected":false},"excerpt":{"rendered":"<p>Download Schl\u00fcsselanh\u00e4nger als STL-Datei f\u00fcr den 3D-Druck. Hier gehts zur Anleitung, wie Du aus dem Schl\u00fcsselanh\u00e4nger ein Sats-schubsender Bauer machen kannst. Der Sats-schubsende Bauer ist ein Schl\u00fcsselanh\u00e4nger mit einem LNURLwithdraw-QR-Code drauf. Wenn jemand den QR-Code mit einer LNURL-f\u00e4higen Lightning-Wallet scannt kriegt er 21 Satoshis geschenkt. Man kann den QR-Code auch mit einem normalen QR-Code-Scanner scannen, &#8230; <a title=\"Downloads\" class=\"read-more\" href=\"https:\/\/funtoshi.com\/en\/downloads\/\" aria-label=\"Read more about Downloads\">Weiterlesen<\/a><\/p>","protected":false},"author":2,"featured_media":0,"parent":0,"menu_order":0,"comment_status":"closed","ping_status":"closed","template":"","meta":{"footnotes":""},"featured_image_urls":{"full":"","thumbnail":"","medium":"","medium_large":"","large":"","1536x1536":"","2048x2048":"","trp-custom-language-flag":"","woocommerce_thumbnail":"","woocommerce_single":"","woocommerce_gallery_thumbnail":""},"post_excerpt_stackable":"<p>Download Schl\u00fcsselanh\u00e4nger als STL-Datei f\u00fcr den 3D-Druck. Hier gehts zur Anleitung, wie Du aus dem Schl\u00fcsselanh\u00e4nger ein Sats-schubsender Bauer machen kannst. Der Sats-schubsende Bauer ist ein Schl\u00fcsselanh\u00e4nger mit einem LNURLwithdraw-QR-Code drauf. Wenn jemand den QR-Code mit einer LNURL-f\u00e4higen Lightning-Wallet scannt kriegt er 21 Satoshis geschenkt. Man kann den QR-Code auch mit einem normalen QR-Code-Scanner scannen, dann gelangt man auf eine Internetseite wo die freudige Nachricht steht, dass man SATS FOR FREE bekommt. Ebenfalls hat es auf der Internetseite einen direkten Link zu einer Lightning-Wallet im App-Store bzw. im Play-Store. Es ist dann ein Kinderspiel die Lightning-Wallet zu installieren und den&hellip;<\/p>\n","category_list":"","author_info":{"name":"schubi","url":"https:\/\/funtoshi.com\/en\/author\/schubi\/"},"comments_num":"0 comments","featured_image_urls_v2":{"full":"","thumbnail":"","medium":"","medium_large":"","large":"","1536x1536":"","2048x2048":"","trp-custom-language-flag":"","woocommerce_thumbnail":"","woocommerce_single":"","woocommerce_gallery_thumbnail":""},"post_excerpt_stackable_v2":"<p>Download Schl\u00fcsselanh\u00e4nger als STL-Datei f\u00fcr den 3D-Druck. Hier gehts zur Anleitung, wie Du aus dem Schl\u00fcsselanh\u00e4nger ein Sats-schubsender Bauer machen kannst. Der Sats-schubsende Bauer ist ein Schl\u00fcsselanh\u00e4nger mit einem LNURLwithdraw-QR-Code drauf. Wenn jemand den QR-Code mit einer LNURL-f\u00e4higen Lightning-Wallet scannt kriegt er 21 Satoshis geschenkt. Man kann den QR-Code auch mit einem normalen QR-Code-Scanner scannen, dann gelangt man auf eine Internetseite wo die freudige Nachricht steht, dass man SATS FOR FREE bekommt. Ebenfalls hat es auf der Internetseite einen direkten Link zu einer Lightning-Wallet im App-Store bzw. im Play-Store. Es ist dann ein Kinderspiel die Lightning-Wallet zu installieren und den&hellip;<\/p>\n","category_list_v2":"","author_info_v2":{"name":"schubi","url":"https:\/\/funtoshi.com\/en\/author\/schubi\/"},"comments_num_v2":"0 comments","_links":{"self":[{"href":"https:\/\/funtoshi.com\/en\/wp-json\/wp\/v2\/pages\/1118"}],"collection":[{"href":"https:\/\/funtoshi.com\/en\/wp-json\/wp\/v2\/pages"}],"about":[{"href":"https:\/\/funtoshi.com\/en\/wp-json\/wp\/v2\/types\/page"}],"author":[{"embeddable":true,"href":"https:\/\/funtoshi.com\/en\/wp-json\/wp\/v2\/users\/2"}],"replies":[{"embeddable":true,"href":"https:\/\/funtoshi.com\/en\/wp-json\/wp\/v2\/comments?post=1118"}],"version-history":[{"count":12,"href":"https:\/\/funtoshi.com\/en\/wp-json\/wp\/v2\/pages\/1118\/revisions"}],"predecessor-version":[{"id":1132,"href":"https:\/\/funtoshi.com\/en\/wp-json\/wp\/v2\/pages\/1118\/revisions\/1132"}],"wp:attachment":[{"href":"https:\/\/funtoshi.com\/en\/wp-json\/wp\/v2\/media?parent=1118"}],"curies":[{"name":"wp","href":"https:\/\/api.w.org\/{rel}","templated":true}]}}